{"id":15,"date":"2025-11-26T18:11:50","date_gmt":"2025-11-26T17:11:50","guid":{"rendered":"https:\/\/chtjura.ch\/?page_id=15"},"modified":"2026-02-01T11:15:03","modified_gmt":"2026-02-01T10:15:03","slug":"accueil","status":"publish","type":"page","link":"https:\/\/chtjura.ch\/","title":{"rendered":"Accueil"},"content":{"rendered":"\n<div class=\"wp-block-cover alignfull\" style=\"padding-top:2%;min-height:60rem;aspect-ratio:unset;\"><img loading=\"lazy\" decoding=\"async\" width=\"1024\" height=\"683\" class=\"wp-block-cover__image-background wp-image-27 size-large\" alt=\"\" src=\"https:\/\/chtjura.ch\/wp-content\/uploads\/2025\/11\/ChatGPT-Image-25-nov.-2025-13_45_07-2-1024x683.png\" style=\"object-position:49% 25%\" data-object-fit=\"cover\" data-object-position=\"49% 25%\" srcset=\"https:\/\/chtjura.ch\/wp-content\/uploads\/2025\/11\/ChatGPT-Image-25-nov.-2025-13_45_07-2-1024x683.png 1024w, https:\/\/chtjura.ch\/wp-content\/uploads\/2025\/11\/ChatGPT-Image-25-nov.-2025-13_45_07-2-300x200.png 300w, https:\/\/chtjura.ch\/wp-content\/uploads\/2025\/11\/ChatGPT-Image-25-nov.-2025-13_45_07-2-768x512.png 768w, https:\/\/chtjura.ch\/wp-content\/uploads\/2025\/11\/ChatGPT-Image-25-nov.-2025-13_45_07-2.png 1536w\" sizes=\"auto, (max-width: 1024px) 100vw, 1024px\" \/><span aria-hidden=\"true\" class=\"wp-block-cover__background has-theme-palette-9-background-color has-background-dim-20 has-background-dim\"><\/span><div class=\"wp-block-cover__inner-container is-layout-constrained wp-container-core-cover-is-layout-a807f0f6 wp-block-cover-is-layout-constrained\">\n<div class=\"wp-block-group alignwide is-vertical is-content-justification-left is-layout-flex wp-container-core-group-is-layout-b454969a wp-block-group-is-layout-flex\" style=\"min-height:35rem\">\n<div class=\"wp-block-group\"><div class=\"wp-block-group__inner-container is-layout-constrained wp-container-core-group-is-layout-5ca99053 wp-block-group-is-layout-constrained\">\n<h2 class=\"wp-block-heading has-text-align-center\" style=\"margin-top:0rem;margin-bottom:1.01rem;font-size:4.4rem;font-style:normal;font-weight:400;line-height:1.1;text-transform:capitalize\">Quand un chien apporte ce que les mots n\u2019arrivent plus \u00e0 dire.<\/h2>\n\n\n\n<p class=\"has-text-align-center has-large-font-size\">Une caresse, un regard et la pr\u00e9sence d\u2019un chien apportent un v\u00e9ritable soutien.<\/p>\n<\/div><\/div>\n<\/div>\n<\/div><\/div>\n\n\n\n<section class=\"wp-block-group alignfull has-text-color has-background\" style=\"color:#212121;background-color:#eff9ff;margin-top:0rem;padding-right:1rem;padding-left:1rem;font-size:1.13rem;font-style:normal;font-weight:400;line-height:1.5\"><div class=\"wp-block-group__inner-container is-layout-constrained wp-container-core-group-is-layout-d9c71387 wp-block-group-is-layout-constrained\">\n<div class=\"wp-block-group\" style=\"padding-top:5.01rem;padding-bottom:4.01rem\"><div class=\"wp-block-group__inner-container is-layout-constrained wp-container-core-group-is-layout-982bf673 wp-block-group-is-layout-constrained\">\n<div class=\"wp-block-columns is-not-stacked-on-mobile is-layout-flex wp-container-core-columns-is-layout-c064b32a wp-block-columns-is-layout-flex\">\n<div class=\"wp-block-column is-layout-constrained wp-container-core-column-is-layout-45edc330 wp-block-column-is-layout-constrained\" style=\"border-right-color:#7b90bd;border-right-width:2px;padding-right:1rem;padding-left:1rem\">\n<h6 class=\"wp-block-heading has-text-align-center has-text-color\" style=\"color:#07277c;margin-bottom:0.51rem;font-size:2.53rem;font-style:normal;font-weight:600;line-height:1.3;text-transform:capitalize\">1.<\/h6>\n\n\n\n<p class=\"has-text-align-center has-text-color\" style=\"color:#212121;margin-top:0px;margin-bottom:1.77rem;font-size:0.91rem;font-style:normal;font-weight:500;line-height:1.5\">formation structur\u00e9e, dispens\u00e9e par des experts.<\/p>\n<\/div>\n\n\n\n<div class=\"wp-block-column is-layout-constrained wp-container-core-column-is-layout-45edc330 wp-block-column-is-layout-constrained\" style=\"border-right-color:#7b90bd;border-right-width:2px;padding-right:1rem;padding-left:1rem\">\n<h6 class=\"wp-block-heading has-text-align-center has-text-color\" style=\"color:#07277c;margin-bottom:0.51rem;font-size:2.53rem;font-style:normal;font-weight:600;line-height:1.3;text-transform:capitalize\">3.<\/h6>\n\n\n\n<p class=\"has-text-align-center has-text-color\" style=\"color:#212121;margin-top:0px;margin-bottom:1.77rem;font-size:0.91rem;font-style:normal;font-weight:500;line-height:1.5\">Trois principes fondamentaux : compassion, respect et s\u00e9curit\u00e9.<\/p>\n<\/div>\n\n\n\n<div class=\"wp-block-column is-layout-constrained wp-container-core-column-is-layout-45edc330 wp-block-column-is-layout-constrained\" style=\"padding-right:1rem;padding-left:1rem\">\n<h6 class=\"wp-block-heading has-text-align-center has-text-color\" style=\"color:#07277c;margin-bottom:0.51rem;font-size:2.53rem;font-style:normal;font-weight:600;line-height:1.3;text-transform:capitalize\">100.<\/h6>\n\n\n\n<p class=\"has-text-align-center has-text-color\" style=\"color:#212121;margin-top:0px;margin-bottom:1.77rem;font-size:0.91rem;font-style:normal;font-weight:500;line-height:1.5\">Concentrez-vous \u00e0 100 % sur le bien-\u00eatre et le bonheur de votre chien.<\/p>\n<\/div>\n<\/div>\n<\/div><\/div>\n<\/div><\/section>\n\n\n\n<div class=\"wp-block-group alignfull\" style=\"margin-top:0;margin-bottom:0;padding-top:5.51rem;padding-right:1rem;padding-bottom:3rem;padding-left:1rem\"><div class=\"wp-block-group__inner-container is-layout-constrained wp-container-core-group-is-layout-8bbb07e7 wp-block-group-is-layout-constrained\">\n<div class=\"wp-block-group alignwide\" style=\"padding-bottom:1rem\"><div class=\"wp-block-group__inner-container is-layout-constrained wp-block-group-is-layout-constrained\">\n<h2 class=\"wp-block-heading has-text-align-center has-text-color\" style=\"color:#07277c;font-size:2.61rem;font-style:normal;font-weight:600;line-height:1.5;text-transform:capitalize\">Nos services<\/h2>\n<\/div><\/div>\n\n\n\n<div class=\"wp-block-group alignwide\" style=\"margin-top:1.01rem\"><div class=\"wp-block-group__inner-container is-layout-constrained wp-container-core-group-is-layout-7f5d8e5b wp-block-group-is-layout-constrained\">\n<div class=\"wp-block-columns alignwide is-layout-flex wp-container-core-columns-is-layout-5e131f2f wp-block-columns-is-layout-flex\">\n<div class=\"wp-block-column is-content-justification-center is-layout-constrained wp-container-core-column-is-layout-34c3fc7f wp-block-column-is-layout-constrained\" style=\"padding-bottom:2rem\">\n<div class=\"wp-block-group\"><div class=\"wp-block-group__inner-container is-layout-constrained wp-container-core-group-is-layout-7dd99af6 wp-block-group-is-layout-constrained\"><div class=\"wp-block-image\">\n<figure class=\"aligncenter size-full is-resized\"><img loading=\"lazy\" decoding=\"async\" width=\"2560\" height=\"1919\" src=\"https:\/\/chtjura.ch\/wp-content\/uploads\/2025\/12\/DSC05527webweb1-scaled.jpg\" alt=\"\" class=\"wp-image-212\" style=\"aspect-ratio:4\/3;object-fit:cover;width:290px\" srcset=\"https:\/\/chtjura.ch\/wp-content\/uploads\/2025\/12\/DSC05527webweb1-scaled.jpg 2560w, https:\/\/chtjura.ch\/wp-content\/uploads\/2025\/12\/DSC05527webweb1-300x225.jpg 300w, https:\/\/chtjura.ch\/wp-content\/uploads\/2025\/12\/DSC05527webweb1-1024x768.jpg 1024w, https:\/\/chtjura.ch\/wp-content\/uploads\/2025\/12\/DSC05527webweb1-768x576.jpg 768w, https:\/\/chtjura.ch\/wp-content\/uploads\/2025\/12\/DSC05527webweb1-1536x1151.jpg 1536w, https:\/\/chtjura.ch\/wp-content\/uploads\/2025\/12\/DSC05527webweb1-2048x1535.jpg 2048w\" sizes=\"auto, (max-width: 2560px) 100vw, 2560px\" \/><\/figure>\n<\/div>\n\n\n<h5 class=\"wp-block-heading has-text-align-center has-text-color\" style=\"color:#07277c;font-size:1.61rem;font-style:normal;font-weight:600;line-height:1.4;text-transform:capitalize\">Programme de formation<\/h5>\n<\/div><\/div>\n\n\n\n<div class=\"wp-block-group\"><div class=\"wp-block-group__inner-container is-layout-constrained wp-container-core-group-is-layout-06ee857a wp-block-group-is-layout-constrained\">\n<p class=\"has-text-align-center has-text-color\" style=\"color:#252525;margin-top:0rem;font-size:0.91rem;font-style:normal;font-weight:400;line-height:1.5\">Notre programme de formation complet forme des \u00e9quipes th\u00e9rapeutiques qualifi\u00e9es, en mettant l&rsquo;accent sur la s\u00e9curit\u00e9, la compassion et la pratique dans le monde r\u00e9el.<\/p>\n<\/div><\/div>\n<\/div>\n\n\n\n<div class=\"wp-block-column is-layout-constrained wp-container-core-column-is-layout-6d60cdcd wp-block-column-is-layout-constrained\" style=\"padding-bottom:2rem\">\n<div class=\"wp-block-group\"><div class=\"wp-block-group__inner-container is-layout-constrained wp-container-core-group-is-layout-7dd99af6 wp-block-group-is-layout-constrained\"><div class=\"wp-block-image\">\n<figure class=\"aligncenter size-full is-resized\"><img loading=\"lazy\" decoding=\"async\" width=\"2250\" height=\"1500\" src=\"https:\/\/chtjura.ch\/wp-content\/uploads\/2025\/12\/DSC01180web.jpg\" alt=\"\" class=\"wp-image-191\" style=\"aspect-ratio:4\/3;object-fit:cover;width:290px\" srcset=\"https:\/\/chtjura.ch\/wp-content\/uploads\/2025\/12\/DSC01180web.jpg 2250w, https:\/\/chtjura.ch\/wp-content\/uploads\/2025\/12\/DSC01180web-300x200.jpg 300w, https:\/\/chtjura.ch\/wp-content\/uploads\/2025\/12\/DSC01180web-1024x683.jpg 1024w, https:\/\/chtjura.ch\/wp-content\/uploads\/2025\/12\/DSC01180web-768x512.jpg 768w, https:\/\/chtjura.ch\/wp-content\/uploads\/2025\/12\/DSC01180web-1536x1024.jpg 1536w, https:\/\/chtjura.ch\/wp-content\/uploads\/2025\/12\/DSC01180web-2048x1365.jpg 2048w\" sizes=\"auto, (max-width: 2250px) 100vw, 2250px\" \/><\/figure>\n<\/div>\n\n\n<h5 class=\"wp-block-heading has-text-align-center has-text-color\" style=\"color:#07277c;font-size:1.61rem;font-style:normal;font-weight:600;line-height:1.4;text-transform:capitalize\">Assistance continue<\/h5>\n<\/div><\/div>\n\n\n\n<div class=\"wp-block-group\"><div class=\"wp-block-group__inner-container is-layout-constrained wp-container-core-group-is-layout-06ee857a wp-block-group-is-layout-constrained\">\n<p class=\"has-text-align-center has-text-color\" style=\"color:#252525;margin-top:0rem;font-size:0.91rem;font-style:normal;font-weight:400;line-height:1.5\">B\u00e9n\u00e9ficiez de conseils personnalis\u00e9s pour renforcer les comp\u00e9tences et la confiance de votre \u00e9quipe th\u00e9rapeutique sur le terrain.<\/p>\n<\/div><\/div>\n<\/div>\n\n\n\n<div class=\"wp-block-column is-content-justification-center is-layout-constrained wp-container-core-column-is-layout-34c3fc7f wp-block-column-is-layout-constrained\" style=\"padding-bottom:2rem\">\n<div class=\"wp-block-group\"><div class=\"wp-block-group__inner-container is-layout-constrained wp-container-core-group-is-layout-7dd99af6 wp-block-group-is-layout-constrained\"><div class=\"wp-block-image\">\n<figure class=\"aligncenter size-full is-resized\"><img loading=\"lazy\" decoding=\"async\" width=\"2249\" height=\"1500\" src=\"https:\/\/chtjura.ch\/wp-content\/uploads\/2025\/12\/chienth00037web.jpg\" alt=\"\" class=\"wp-image-192\" style=\"aspect-ratio:4\/3;object-fit:cover;width:290px\" srcset=\"https:\/\/chtjura.ch\/wp-content\/uploads\/2025\/12\/chienth00037web.jpg 2249w, https:\/\/chtjura.ch\/wp-content\/uploads\/2025\/12\/chienth00037web-300x200.jpg 300w, https:\/\/chtjura.ch\/wp-content\/uploads\/2025\/12\/chienth00037web-1024x683.jpg 1024w, https:\/\/chtjura.ch\/wp-content\/uploads\/2025\/12\/chienth00037web-768x512.jpg 768w, https:\/\/chtjura.ch\/wp-content\/uploads\/2025\/12\/chienth00037web-1536x1024.jpg 1536w, https:\/\/chtjura.ch\/wp-content\/uploads\/2025\/12\/chienth00037web-2048x1366.jpg 2048w\" sizes=\"auto, (max-width: 2249px) 100vw, 2249px\" \/><\/figure>\n<\/div>\n\n\n<h5 class=\"wp-block-heading has-text-align-center has-text-color\" style=\"color:#07277c;font-size:1.61rem;font-style:normal;font-weight:600;line-height:1.4;text-transform:capitalize\">Ateliers et \u00e9v\u00e9nements.<\/h5>\n<\/div><\/div>\n\n\n\n<div class=\"wp-block-group\"><div class=\"wp-block-group__inner-container is-layout-constrained wp-container-core-group-is-layout-06ee857a wp-block-group-is-layout-constrained\">\n<p class=\"has-text-align-center has-text-color\" style=\"color:#252525;margin-top:0rem;font-size:0.91rem;font-style:normal;font-weight:400;line-height:1.5\">Participez \u00e0 nos ateliers captivants pour am\u00e9liorer vos comp\u00e9tences et partager vos exp\u00e9riences avec d&rsquo;autres \u00e9quipes th\u00e9rapeutiques.<\/p>\n<\/div><\/div>\n<\/div>\n<\/div>\n<\/div><\/div>\n<\/div><\/div>\n\n\n\n<section class=\"wp-block-group alignfull has-text-color has-background\" style=\"color:#03081e;background-color:#eff9ff;margin-top:0px;padding-top:5.01rem;padding-right:1rem;padding-bottom:5.5rem;padding-left:1rem;font-size:1.13rem;font-style:normal;font-weight:400;line-height:1.4\"><div class=\"wp-block-group__inner-container is-layout-constrained wp-container-core-group-is-layout-eae80cfe wp-block-group-is-layout-constrained\">\n<div class=\"wp-block-columns is-layout-flex wp-container-core-columns-is-layout-ac2c0357 wp-block-columns-is-layout-flex\" style=\"margin-bottom:0px\">\n<div class=\"wp-block-column is-content-justification-left is-layout-constrained wp-container-core-column-is-layout-8c890d92 wp-block-column-is-layout-constrained\" style=\"flex-basis:45%\"><div class=\"wp-block-image\">\n<figure class=\"aligncenter size-full has-custom-border\" style=\"margin-top:0;margin-bottom:0\"><img loading=\"lazy\" decoding=\"async\" width=\"1500\" height=\"2250\" src=\"https:\/\/chtjura.ch\/wp-content\/uploads\/2025\/12\/DSC00308web.jpg\" alt=\"\" class=\"wp-image-194\" style=\"border-style:none;border-width:0px;border-radius:32px\" srcset=\"https:\/\/chtjura.ch\/wp-content\/uploads\/2025\/12\/DSC00308web.jpg 1500w, https:\/\/chtjura.ch\/wp-content\/uploads\/2025\/12\/DSC00308web-200x300.jpg 200w, https:\/\/chtjura.ch\/wp-content\/uploads\/2025\/12\/DSC00308web-683x1024.jpg 683w, https:\/\/chtjura.ch\/wp-content\/uploads\/2025\/12\/DSC00308web-768x1152.jpg 768w, https:\/\/chtjura.ch\/wp-content\/uploads\/2025\/12\/DSC00308web-1024x1536.jpg 1024w, https:\/\/chtjura.ch\/wp-content\/uploads\/2025\/12\/DSC00308web-1365x2048.jpg 1365w\" sizes=\"auto, (max-width: 1500px) 100vw, 1500px\" \/><figcaption class=\"wp-element-caption\">Formation de chien pour visite dans des h\u00f4me<\/figcaption><\/figure>\n<\/div><\/div>\n\n\n\n<div class=\"wp-block-column is-layout-flow wp-block-column-is-layout-flow\">\n<div class=\"wp-block-group is-vertical is-content-justification-left is-layout-flex wp-container-core-group-is-layout-30bf75c7 wp-block-group-is-layout-flex\" style=\"min-height:100%\">\n<div class=\"wp-block-group is-content-justification-center\"><div class=\"wp-block-group__inner-container is-layout-constrained wp-container-core-group-is-layout-4c985573 wp-block-group-is-layout-constrained\">\n<h3 class=\"wp-block-heading has-text-align-left has-text-color\" style=\"color:#07277c;margin-top:0.5rem;margin-bottom:1.01rem;font-size:2.61rem;font-style:normal;font-weight:500;letter-spacing:0px;line-height:1.3;text-transform:capitalize\">Nos valeurs fondamentales<\/h3>\n\n\n\n<p class=\"has-text-align-left has-text-color\" style=\"color:#03081e;margin-top:0rem;font-size:1.21rem;font-style:normal;font-weight:400;line-height:1.6\">Chez Chiens de Th\u00e9rapie Jura, nous croyons au pouvoir des liens. Notre mission est de favoriser des partenariats bienveillants entre les chiens et les humains afin d&rsquo;apporter du r\u00e9confort \u00e0 ceux qui en ont besoin. Nous accordons la priorit\u00e9 au bien-\u00eatre de chaque chien, en veillant \u00e0 ce qu&rsquo;ils soient heureux et confiants. Ensemble, nous cr\u00e9ons un environnement s\u00fbr et stimulant pour tous. Rejoignez-nous pour faire la diff\u00e9rence !<\/p>\n\n\n\n<div class=\"wp-block-group is-content-justification-left\" style=\"margin-top:0px\"><div class=\"wp-block-group__inner-container is-layout-constrained wp-container-core-group-is-layout-f96742ab wp-block-group-is-layout-constrained\">\n<div class=\"wp-block-buttons is-horizontal is-content-justification-left is-layout-flex wp-container-core-buttons-is-layout-59b8c194 wp-block-buttons-is-layout-flex\" style=\"margin-top:2.51rem\"><\/div>\n<\/div><\/div>\n<\/div><\/div>\n<\/div>\n<\/div>\n<\/div>\n<\/div><\/section>\n\n\n\n<section class=\"wp-block-group alignfull has-text-color\" style=\"color:#3e3e3e;margin-top:0rem;padding-right:1rem;padding-left:1rem;font-size:1.13rem;font-style:normal;font-weight:400;line-height:1.5\"><div class=\"wp-block-group__inner-container is-layout-constrained wp-container-core-group-is-layout-d9c71387 wp-block-group-is-layout-constrained\">\n<div class=\"wp-block-group\" style=\"padding-top:7.01rem;padding-bottom:7.01rem\"><div class=\"wp-block-group__inner-container is-layout-constrained wp-container-core-group-is-layout-03f07e53 wp-block-group-is-layout-constrained\">\n<h2 class=\"wp-block-heading has-text-align-center has-text-color\" style=\"color:#07277c;margin-bottom:3.01rem;font-size:2.71rem;font-style:normal;font-weight:500;line-height:1.3;text-transform:capitalize\">T\u00e9moignages<\/h2>\n\n\n\n<div class=\"wp-block-columns is-layout-flex wp-container-core-columns-is-layout-5e131f2f wp-block-columns-is-layout-flex\">\n<div class=\"wp-block-column is-layout-constrained wp-container-core-column-is-layout-f6798258 wp-block-column-is-layout-constrained\">\n<div class=\"wp-block-group is-vertical is-content-justification-center is-layout-flex wp-container-core-group-is-layout-e5eb9be0 wp-block-group-is-layout-flex\" style=\"min-height:177px\">\n<p class=\"has-text-align-center has-text-color has-link-color wp-elements-01a1b8ccf88e85b96f3d852b22e21ba4\" style=\"color:#161616;margin-top:0px;font-size:0.85rem;font-style:normal;font-weight:500;line-height:1.5;text-transform:uppercase\"><\/p>\n<\/div>\n<\/div>\n\n\n\n<div class=\"wp-block-column is-layout-constrained wp-container-core-column-is-layout-f6798258 wp-block-column-is-layout-constrained\">\n<div class=\"wp-block-group is-vertical is-content-justification-center is-layout-flex wp-container-core-group-is-layout-d351ce8a wp-block-group-is-layout-flex\" style=\"min-height:177px\">\n<p class=\"has-text-align-center has-text-color has-link-color wp-elements-01a1b8ccf88e85b96f3d852b22e21ba4\" style=\"color:#161616;margin-top:0px;font-size:0.85rem;font-style:normal;font-weight:500;line-height:1.5;text-transform:uppercase\"><\/p>\n<\/div>\n<\/div>\n\n\n\n<div class=\"wp-block-column is-layout-constrained wp-container-core-column-is-layout-f6798258 wp-block-column-is-layout-constrained\">\n<div class=\"wp-block-group is-vertical is-content-justification-center is-layout-flex wp-container-core-group-is-layout-d351ce8a wp-block-group-is-layout-flex\" style=\"min-height:177px\">\n<p class=\"has-text-align-center has-text-color has-link-color wp-elements-01a1b8ccf88e85b96f3d852b22e21ba4\" style=\"color:#161616;margin-top:0px;font-size:0.85rem;font-style:normal;font-weight:500;line-height:1.5;text-transform:uppercase\"><\/p>\n<\/div>\n<\/div>\n<\/div>\n<\/div><\/div>\n<\/div><\/section>\n\n\n\n<section class=\"wp-block-cover alignfull\" style=\"margin-top:0px;padding-bottom:12.51rem;min-height:650px;aspect-ratio:unset;\"><img loading=\"lazy\" decoding=\"async\" width=\"1024\" height=\"683\" class=\"wp-block-cover__image-background wp-image-148 size-large\" alt=\"\" src=\"https:\/\/chtjura.ch\/wp-content\/uploads\/2025\/11\/67D00647-1-1024x683.jpg\" style=\"object-position:51% 77%\" data-object-fit=\"cover\" data-object-position=\"51% 77%\" srcset=\"https:\/\/chtjura.ch\/wp-content\/uploads\/2025\/11\/67D00647-1-1024x683.jpg 1024w, https:\/\/chtjura.ch\/wp-content\/uploads\/2025\/11\/67D00647-1-300x200.jpg 300w, https:\/\/chtjura.ch\/wp-content\/uploads\/2025\/11\/67D00647-1-768x512.jpg 768w, https:\/\/chtjura.ch\/wp-content\/uploads\/2025\/11\/67D00647-1-1536x1024.jpg 1536w, https:\/\/chtjura.ch\/wp-content\/uploads\/2025\/11\/67D00647-1.jpg 1620w\" sizes=\"auto, (max-width: 1024px) 100vw, 1024px\" \/><span aria-hidden=\"true\" class=\"wp-block-cover__background has-theme-palette-3-background-color has-background-dim-30 has-background-dim\"><\/span><div class=\"wp-block-cover__inner-container is-layout-constrained wp-block-cover-is-layout-constrained\">\n<div class=\"wp-block-group alignfull has-text-color\" style=\"color:#252525;margin-top:0px;padding-top:0rem;padding-right:1rem;padding-bottom:0rem;padding-left:1rem;font-size:1.13rem;font-style:normal;font-weight:400;line-height:1.4\"><div class=\"wp-block-group__inner-container is-layout-constrained wp-container-core-group-is-layout-1cd7193a wp-block-group-is-layout-constrained\">\n<div class=\"wp-block-group is-vertical is-content-justification-center is-layout-flex wp-container-core-group-is-layout-73a99bce wp-block-group-is-layout-flex\">\n<div class=\"wp-block-group\"><div class=\"wp-block-group__inner-container is-layout-constrained wp-container-core-group-is-layout-1d6f4e6b wp-block-group-is-layout-constrained\">\n<h2 class=\"wp-block-heading has-text-align-center has-theme-palette-9-color has-text-color\" style=\"margin-bottom:1.11rem;font-size:2.61rem;font-style:normal;font-weight:500;line-height:1.2;text-transform:capitalize\">Nous contacter<\/h2>\n\n\n\n<p class=\"has-text-align-center has-theme-palette-9-color has-text-color\" style=\"margin-top:0rem;font-size:1.11rem;font-style:normal;font-weight:400;line-height:1.6\">Nous sommes l\u00e0 pour vous aider ! Contactez-nous et d\u00e9couvrez comment vous pouvez faire la diff\u00e9rence d\u00e8s aujourd&rsquo;hui.<\/p>\n\n\n\n<div class=\"wp-block-group is-vertical is-content-justification-stretch is-layout-flex wp-container-core-group-is-layout-4b2b0ac3 wp-block-group-is-layout-flex\" style=\"margin-top:0rem;padding-right:0px;padding-left:0px\">\n<div class=\"wp-block-group is-content-justification-center\" style=\"margin-top:0px\"><div class=\"wp-block-group__inner-container is-layout-constrained wp-container-core-group-is-layout-f3a8cc2e wp-block-group-is-layout-constrained\">\n<div class=\"wp-block-buttons alignwide is-horizontal is-content-justification-center is-layout-flex wp-container-core-buttons-is-layout-5ac57db5 wp-block-buttons-is-layout-flex\" style=\"margin-top:2.21rem\">\n<div class=\"wp-block-button has-custom-width wp-block-button__width-75 is-style-fill\"><a class=\"wp-block-button__link has-theme-palette-9-color has-text-color has-background has-border-color has-custom-font-size wp-element-button\" href=\"https:\/\/chtjura.ch\/?page_id=12\" style=\"border-color:#2c36474d;border-style:solid;border-width:7px;border-radius:2.5rem;background-color:#989babb5;padding-top:var(--wp--preset--spacing--40);padding-right:0rem;padding-bottom:var(--wp--preset--spacing--40);padding-left:0rem;font-size:1.21rem;font-style:normal;font-weight:400;line-height:1;text-transform:capitalize\">\ud83d\udc49 <strong>Nous contacter<\/strong><\/a><\/div>\n\n\n\n<div class=\"wp-block-button has-custom-width wp-block-button__width-50 is-style-fill\"><a class=\"wp-block-button__link has-text-color has-background has-border-color has-custom-font-size wp-element-button\" href=\"https:\/\/chtjura.ch\/?page_id=272\" style=\"border-color:#2c36474d;border-style:solid;border-width:7px;border-radius:2.5rem;color:#ffffff;background-color:#989bab66;padding-top:var(--wp--preset--spacing--40);padding-right:0rem;padding-bottom:var(--wp--preset--spacing--40);padding-left:0rem;font-size:1.21rem;font-style:normal;font-weight:400;line-height:1;text-transform:capitalize\">\ud83d\udc49 Ils parlent de nous<\/a><\/div>\n<\/div>\n<\/div><\/div>\n<\/div>\n<\/div><\/div>\n<\/div>\n<\/div><\/div>\n<\/div><\/section>\n\n\n\n<p><\/p>\n","protected":false},"excerpt":{"rendered":"<p>1. formation structur\u00e9e, dispens\u00e9e par des experts. 3. Trois principes fondamentaux : compassion, respect et s\u00e9curit\u00e9. 100. Concentrez-vous \u00e0 100 % sur le bien-\u00eatre et le bonheur de votre chien. Nos services Programme de formation Notre programme de formation complet forme des \u00e9quipes th\u00e9rapeutiques qualifi\u00e9es, en mettant l&rsquo;accent sur la s\u00e9curit\u00e9, la compassion et la&#8230;<\/p>\n","protected":false},"author":1,"featured_media":0,"parent":0,"menu_order":0,"comment_status":"closed","ping_status":"closed","template":"","meta":{"_kad_post_transparent":"","_kad_post_title":"","_kad_post_layout":"","_kad_post_sidebar_id":"","_kad_post_content_style":"","_kad_post_vertical_padding":"","_kad_post_feature":"","_kad_post_feature_position":"","_kad_post_header":false,"_kad_post_footer":false,"_kad_post_classname":"","footnotes":""},"class_list":["post-15","page","type-page","status-publish","hentry"],"_links":{"self":[{"href":"https:\/\/chtjura.ch\/index.php?rest_route=\/wp\/v2\/pages\/15","targetHints":{"allow":["GET"]}}],"collection":[{"href":"https:\/\/chtjura.ch\/index.php?rest_route=\/wp\/v2\/pages"}],"about":[{"href":"https:\/\/chtjura.ch\/index.php?rest_route=\/wp\/v2\/types\/page"}],"author":[{"embeddable":true,"href":"https:\/\/chtjura.ch\/index.php?rest_route=\/wp\/v2\/users\/1"}],"replies":[{"embeddable":true,"href":"https:\/\/chtjura.ch\/index.php?rest_route=%2Fwp%2Fv2%2Fcomments&post=15"}],"version-history":[{"count":37,"href":"https:\/\/chtjura.ch\/index.php?rest_route=\/wp\/v2\/pages\/15\/revisions"}],"predecessor-version":[{"id":384,"href":"https:\/\/chtjura.ch\/index.php?rest_route=\/wp\/v2\/pages\/15\/revisions\/384"}],"wp:attachment":[{"href":"https:\/\/chtjura.ch\/index.php?rest_route=%2Fwp%2Fv2%2Fmedia&parent=15"}],"curies":[{"name":"wp","href":"https:\/\/api.w.org\/{rel}","templated":true}]}}