{"id":19,"date":"2025-11-26T18:12:24","date_gmt":"2025-11-26T17:12:24","guid":{"rendered":"https:\/\/chtjura.ch\/?page_id=19"},"modified":"2026-02-01T14:42:44","modified_gmt":"2026-02-01T13:42:44","slug":"services","status":"publish","type":"page","link":"https:\/\/chtjura.ch\/?page_id=19","title":{"rendered":"Services"},"content":{"rendered":"\n<div class=\"wp-block-cover alignfull\" style=\"min-height:962px;aspect-ratio:unset;\"><img loading=\"lazy\" decoding=\"async\" width=\"683\" height=\"1024\" class=\"wp-block-cover__image-background wp-image-244 size-large\" alt=\"\" src=\"https:\/\/chtjura.ch\/wp-content\/uploads\/2025\/12\/67D00605web-683x1024.jpg\" style=\"object-position:44% 29%\" data-object-fit=\"cover\" data-object-position=\"44% 29%\" srcset=\"https:\/\/chtjura.ch\/wp-content\/uploads\/2025\/12\/67D00605web-683x1024.jpg 683w, https:\/\/chtjura.ch\/wp-content\/uploads\/2025\/12\/67D00605web-200x300.jpg 200w, https:\/\/chtjura.ch\/wp-content\/uploads\/2025\/12\/67D00605web-768x1152.jpg 768w, https:\/\/chtjura.ch\/wp-content\/uploads\/2025\/12\/67D00605web-1024x1536.jpg 1024w, https:\/\/chtjura.ch\/wp-content\/uploads\/2025\/12\/67D00605web-1365x2048.jpg 1365w, https:\/\/chtjura.ch\/wp-content\/uploads\/2025\/12\/67D00605web.jpg 1500w\" sizes=\"auto, (max-width: 683px) 100vw, 683px\" \/><span aria-hidden=\"true\" class=\"wp-block-cover__background has-theme-palette-9-background-color has-background-dim-0 has-background-dim\"><\/span><div class=\"wp-block-cover__inner-container is-layout-constrained wp-block-cover-is-layout-constrained\">\n<p class=\"has-text-align-center has-xxlarge-font-size\"><strong>Compassion<\/strong><\/p>\n<\/div><\/div>\n\n\n\n<div class=\"wp-block-group alignfull\"><div class=\"wp-block-group__inner-container is-layout-constrained wp-container-core-group-is-layout-48c9aa2a wp-block-group-is-layout-constrained\">\n<div class=\"wp-block-group alignwide\" style=\"margin-top:0;margin-bottom:0;padding-top:80px;padding-bottom:80px\"><div class=\"wp-block-group__inner-container is-layout-constrained wp-container-core-group-is-layout-1ee22c43 wp-block-group-is-layout-constrained\">\n<div class=\"wp-block-columns alignwide is-layout-flex wp-container-core-columns-is-layout-8acd20f1 wp-block-columns-is-layout-flex\">\n<div class=\"wp-block-column is-layout-flow wp-block-column-is-layout-flow\">\n<figure class=\"wp-block-image size-large has-custom-border\"><img loading=\"lazy\" decoding=\"async\" width=\"1024\" height=\"683\" src=\"https:\/\/chtjura.ch\/wp-content\/uploads\/2025\/11\/DSC01168_site-1024x683.jpg\" alt=\"\" class=\"wp-image-55\" style=\"border-style:none;border-width:0px;border-radius:20px;aspect-ratio:4\/3;object-fit:cover\" srcset=\"https:\/\/chtjura.ch\/wp-content\/uploads\/2025\/11\/DSC01168_site-1024x683.jpg 1024w, https:\/\/chtjura.ch\/wp-content\/uploads\/2025\/11\/DSC01168_site-300x200.jpg 300w, https:\/\/chtjura.ch\/wp-content\/uploads\/2025\/11\/DSC01168_site-768x512.jpg 768w, https:\/\/chtjura.ch\/wp-content\/uploads\/2025\/11\/DSC01168_site-1536x1024.jpg 1536w, https:\/\/chtjura.ch\/wp-content\/uploads\/2025\/11\/DSC01168_site.jpg 1620w\" sizes=\"auto, (max-width: 1024px) 100vw, 1024px\" \/><\/figure>\n<\/div>\n\n\n\n<div class=\"wp-block-column is-vertically-aligned-center is-layout-flow wp-block-column-is-layout-flow\" style=\"padding-left:15px\">\n<h2 class=\"wp-block-heading has-text-color has-link-color has-suranna-font-family wp-elements-99975b52c59d9d32f647860e40e7dcff\" style=\"color:#000000;font-size:58px;font-style:normal;font-weight:500;line-height:1.2\">Formation B\u00e9n\u00e9vole<\/h2>\n\n\n\n<p class=\"has-text-color has-link-color has-outfit-font-family wp-elements-0a6d0502169d8fcb4a96882421dc0fef\" style=\"color:#000000;font-size:18px;font-style:normal;font-weight:400\">Notre <strong>Formation B\u00e9n\u00e9vole<\/strong> est une occasion unique pour les \u00e9quipes chien-humain d&rsquo;apprendre et de grandir ensemble. Ce programme de formation structur\u00e9, organis\u00e9 une fois par an, vous permet d&rsquo;acqu\u00e9rir les comp\u00e9tences essentielles pour apporter r\u00e9confort et joie aux personnes vuln\u00e9rables. Vous commencerez par une \u00e9valuation initiale, ax\u00e9e sur le lien qui vous unit \u00e0 votre chien. Le cours couvre le comportement canin, la s\u00e9curit\u00e9 et la communication efficace. Vous apprendrez \u00e0 g\u00e9rer des situations d\u00e9licates, \u00e0 intervenir dans divers contextes et \u00e0 \u00e9tablir une relation de confiance avec les personnes que vous aidez. Nous accordons la priorit\u00e9 au bien-\u00eatre de votre chien, en veillant \u00e0 ce qu&rsquo;il soit heureux et d\u00e9tendu tout au long du processus. Rejoignez-nous et faites la diff\u00e9rence !<\/p>\n<\/div>\n<\/div>\n\n\n\n<div class=\"wp-block-columns alignwide is-layout-flex wp-container-core-columns-is-layout-bb6423ec wp-block-columns-is-layout-flex\" style=\"padding-top:80px;padding-bottom:80px\">\n<div class=\"wp-block-column is-vertically-aligned-center is-layout-flow wp-block-column-is-layout-flow\" style=\"padding-right:15px\">\n<h2 class=\"wp-block-heading has-text-color has-link-color has-suranna-font-family wp-elements-28a0d48071034ced21e859b5709cda69\" style=\"color:#000000;font-size:58px;line-height:1.2\">Assistance continue<\/h2>\n\n\n\n<p class=\"has-text-color has-link-color has-outfit-font-family wp-elements-44c8ef117f2056742f4d0e4d2e22a9ef\" style=\"color:#000000;font-size:18px;font-style:normal;font-weight:400\">Notre programme <strong>Support Continu\u00e9<\/strong> est con\u00e7u pour aider les \u00e9quipes de b\u00e9n\u00e9voles \u00e0 s&rsquo;\u00e9panouir apr\u00e8s leur formation initiale. Nous comprenons que le parcours ne s&rsquo;arr\u00eate pas \u00e0 la fin du cours. Ce soutien continu offre des conseils, des ressources et une communaut\u00e9 de b\u00e9n\u00e9voles. Que vous ayez besoin de conseils pour g\u00e9rer des situations sp\u00e9cifiques ou d&rsquo;astuces pour am\u00e9liorer vos interventions, nous sommes l\u00e0 pour vous. Notre \u00e9quipe organise r\u00e9guli\u00e8rement des r\u00e9unions et des ateliers pour vous permettre de maintenir vos comp\u00e9tences \u00e0 jour et de renforcer le lien avec votre chien. Ensemble, nous pouvons faire en sorte que vous et votre compagnon \u00e0 quatre pattes continuiez \u00e0 apporter joie, r\u00e9confort et soutien \u00e0 ceux qui en ont le plus besoin. Rejoignez-nous dans cette aventure enrichissante !<\/p>\n<\/div>\n\n\n\n<div class=\"wp-block-column is-layout-flow wp-block-column-is-layout-flow\">\n<figure class=\"wp-block-image size-full has-custom-border\"><img loading=\"lazy\" decoding=\"async\" width=\"1440\" height=\"1080\" src=\"https:\/\/chtjura.ch\/wp-content\/uploads\/2025\/11\/DSC05493_site.jpg\" alt=\"\" class=\"wp-image-56\" style=\"border-style:none;border-width:0px;border-radius:20px;aspect-ratio:4\/3;object-fit:cover\" srcset=\"https:\/\/chtjura.ch\/wp-content\/uploads\/2025\/11\/DSC05493_site.jpg 1440w, https:\/\/chtjura.ch\/wp-content\/uploads\/2025\/11\/DSC05493_site-300x225.jpg 300w, https:\/\/chtjura.ch\/wp-content\/uploads\/2025\/11\/DSC05493_site-1024x768.jpg 1024w, https:\/\/chtjura.ch\/wp-content\/uploads\/2025\/11\/DSC05493_site-768x576.jpg 768w\" sizes=\"auto, (max-width: 1440px) 100vw, 1440px\" \/><\/figure>\n<\/div>\n<\/div>\n\n\n\n<div class=\"wp-block-columns alignwide is-layout-flex wp-container-core-columns-is-layout-8acd20f1 wp-block-columns-is-layout-flex\">\n<div class=\"wp-block-column is-layout-flow wp-block-column-is-layout-flow\">\n<figure class=\"wp-block-image size-large has-custom-border\"><img loading=\"lazy\" decoding=\"async\" width=\"1024\" height=\"683\" src=\"https:\/\/chtjura.ch\/wp-content\/uploads\/2025\/12\/DSC05515web-1024x683.jpg\" alt=\"\" class=\"wp-image-239\" style=\"border-style:none;border-width:0px;border-radius:20px;aspect-ratio:4\/3;object-fit:cover\" srcset=\"https:\/\/chtjura.ch\/wp-content\/uploads\/2025\/12\/DSC05515web-1024x683.jpg 1024w, https:\/\/chtjura.ch\/wp-content\/uploads\/2025\/12\/DSC05515web-300x200.jpg 300w, https:\/\/chtjura.ch\/wp-content\/uploads\/2025\/12\/DSC05515web-768x512.jpg 768w, https:\/\/chtjura.ch\/wp-content\/uploads\/2025\/12\/DSC05515web-1536x1024.jpg 1536w, https:\/\/chtjura.ch\/wp-content\/uploads\/2025\/12\/DSC05515web-2048x1365.jpg 2048w\" sizes=\"auto, (max-width: 1024px) 100vw, 1024px\" \/><figcaption class=\"wp-element-caption\">Formation de chien pour visite dans des h\u00f4me<\/figcaption><\/figure>\n<\/div>\n\n\n\n<div class=\"wp-block-column is-vertically-aligned-center is-layout-flow wp-block-column-is-layout-flow\" style=\"padding-left:15px\">\n<h2 class=\"wp-block-heading has-text-color has-link-color has-suranna-font-family wp-elements-e20ba614bff8f84d18172165f1e77fd2\" style=\"color:#000000;font-size:58px;font-style:normal;font-weight:500;line-height:1.2\">\u00c9valuation Finale<\/h2>\n\n\n\n<p class=\"has-text-color has-link-color has-outfit-font-family wp-elements-7dcc60cb0a9f90b23da921ac878f3eef\" style=\"color:#000000;font-size:18px;font-style:normal;font-weight:400\">Notre <strong>\u00c9valuation Finale<\/strong> est une \u00e9tape cruciale dans votre parcours en tant qu&rsquo;\u00e9quipe de chiens de th\u00e9rapie. Cette \u00e9valuation combine des \u00e9l\u00e9ments th\u00e9oriques et pratiques afin de s&rsquo;assurer que vous et votre chien \u00eates parfaitement pr\u00eats \u00e0 avoir un impact positif. Vous d\u00e9montrerez votre compr\u00e9hension du comportement canin, des protocoles de s\u00e9curit\u00e9 et de vos comp\u00e9tences en communication efficace dans des situations r\u00e9elles. Cette \u00e9valuation valide non seulement votre formation, mais renforce \u00e9galement votre confiance lorsque vous vous lancez dans votre r\u00f4le de b\u00e9n\u00e9vole. Nous croyons qu&rsquo;il est important de c\u00e9l\u00e9brer vos r\u00e9alisations. \u00c0 l&rsquo;issue de l&rsquo;\u00e9valuation, vous recevrez un certificat reconnaissant votre engagement \u00e0 apporter de la joie et du soutien \u00e0 ceux qui en ont besoin !<\/p>\n<\/div>\n<\/div>\n<\/div><\/div>\n<\/div><\/div>\n\n\n\n<div class=\"wp-block-buttons alignwide is-content-justification-center is-layout-flex wp-container-core-buttons-is-layout-16018d1d wp-block-buttons-is-layout-flex\">\n<div class=\"wp-block-button has-custom-width wp-block-button__width-25 is-style-fill\"><a class=\"wp-block-button__link has-theme-palette-9-color has-text-color has-background has-link-color has-border-color wp-element-button\" href=\"https:\/\/chtjura.ch\/?page_id=12\" style=\"border-color:#4a5569bd;border-width:12px;border-top-left-radius:16px;border-top-right-radius:16px;border-bottom-left-radius:16px;border-bottom-right-radius:16px;background-color:#7c93bed4\">\ud83d\udc49 Nous contacter<\/a><\/div>\n<\/div>\n\n\n\n<section class=\"wp-block-cover alignfull\" style=\"margin-top:0px;padding-top:1.01rem;padding-bottom:1.01rem;min-height:750px;aspect-ratio:unset;\"><img loading=\"lazy\" decoding=\"async\" width=\"1024\" height=\"683\" class=\"wp-block-cover__image-background wp-image-232 size-large\" alt=\"\" src=\"https:\/\/chtjura.ch\/wp-content\/uploads\/2025\/12\/DSC05812web-1024x683.jpg\" style=\"object-position:41% 27%\" data-object-fit=\"cover\" data-object-position=\"41% 27%\" srcset=\"https:\/\/chtjura.ch\/wp-content\/uploads\/2025\/12\/DSC05812web-1024x683.jpg 1024w, https:\/\/chtjura.ch\/wp-content\/uploads\/2025\/12\/DSC05812web-300x200.jpg 300w, https:\/\/chtjura.ch\/wp-content\/uploads\/2025\/12\/DSC05812web-768x512.jpg 768w, https:\/\/chtjura.ch\/wp-content\/uploads\/2025\/12\/DSC05812web-1536x1024.jpg 1536w, https:\/\/chtjura.ch\/wp-content\/uploads\/2025\/12\/DSC05812web-2048x1365.jpg 2048w\" sizes=\"auto, (max-width: 1024px) 100vw, 1024px\" \/><span aria-hidden=\"true\" class=\"wp-block-cover__background has-theme-palette-3-background-color has-background-dim-30 has-background-dim\"><\/span><div class=\"wp-block-cover__inner-container is-layout-constrained wp-container-core-cover-is-layout-653aa748 wp-block-cover-is-layout-constrained\">\n<div class=\"wp-block-group is-vertical is-content-justification-center is-nowrap is-layout-flex wp-container-core-group-is-layout-14ccea6a wp-block-group-is-layout-flex\" style=\"margin-top:0px;padding-top:0rem;padding-right:1rem;padding-bottom:0rem;padding-left:1rem;font-size:1.13rem;font-style:normal;font-weight:400;line-height:1.4\">\n<div class=\"wp-block-group has-background\" style=\"background-color:#ffffff00;padding-top:4.21rem;padding-right:2.51rem;padding-bottom:4.51rem;padding-left:2.51rem\"><div class=\"wp-block-group__inner-container is-layout-constrained wp-container-core-group-is-layout-cb1787d5 wp-block-group-is-layout-constrained\">\n<h2 class=\"wp-block-heading has-text-align-center has-theme-palette-7-color has-text-color\" style=\"margin-bottom:0rem;font-size:3.31rem;font-style:normal;font-weight:400;line-height:1.2\"><strong>Il faut le voir pour le croire\u2026<\/strong><\/h2>\n\n\n\n<p class=\"has-text-align-center has-theme-palette-7-color has-text-color has-background\" style=\"background-color:#f9f9f900;font-size:1.4rem;line-height:1.3\"><br>Le lien qu\u2019un chien peut cr\u00e9er avec une personne vuln\u00e9rable est extraordinaire.<br>Ce n\u2019est pas seulement une pr\u00e9sence : c\u2019est un pont vivant que l\u2019animal tisse entre les humains.<\/p>\n\n\n\n<p class=\"has-text-align-center has-theme-palette-7-color has-text-color has-background\" style=\"background-color:#f9f9f900;font-size:1.4rem;line-height:1.3\">Un chien ouvre le dialogue, fait na\u00eetre des sourires, parfois m\u00eame des \u00e9clats de rire, l\u00e0 o\u00f9 souvent l\u2019ennui, la solitude ou le d\u00e9sespoir \u00e9touffent les moments de joie.<\/p>\n\n\n\n<p class=\"has-text-align-center has-theme-palette-7-color has-text-color has-background\" style=\"background-color:#f9f9f900;font-size:1.4rem;line-height:1.3\">Ces compagnons ont un pouvoir discret mais immense :<br>ils effacent la morosit\u00e9 et transforment l\u2019instant en un moment de bonheur..<\/p>\n\n\n\n<p class=\"has-text-align-center has-theme-palette-7-color has-text-color has-background\" style=\"background-color:#f9f9f900;font-size:1.21rem;line-height:1.5\"><\/p>\n<\/div><\/div>\n<\/div>\n<\/div><\/section>\n\n\n\n<p><\/p>\n","protected":false},"excerpt":{"rendered":"<p>Formation B\u00e9n\u00e9vole Notre Formation B\u00e9n\u00e9vole est une occasion unique pour les \u00e9quipes chien-humain d&rsquo;apprendre et de grandir ensemble. Ce programme de formation structur\u00e9, organis\u00e9 une fois par an, vous permet d&rsquo;acqu\u00e9rir les comp\u00e9tences essentielles pour apporter r\u00e9confort et joie aux personnes vuln\u00e9rables. Vous commencerez par une \u00e9valuation initiale, ax\u00e9e sur le lien qui vous unit&#8230;<\/p>\n","protected":false},"author":1,"featured_media":0,"parent":0,"menu_order":0,"comment_status":"closed","ping_status":"closed","template":"page-no-title","meta":{"_kad_post_transparent":"","_kad_post_title":"","_kad_post_layout":"","_kad_post_sidebar_id":"","_kad_post_content_style":"","_kad_post_vertical_padding":"","_kad_post_feature":"","_kad_post_feature_position":"","_kad_post_header":false,"_kad_post_footer":false,"_kad_post_classname":"","footnotes":""},"class_list":["post-19","page","type-page","status-publish","hentry"],"_links":{"self":[{"href":"https:\/\/chtjura.ch\/index.php?rest_route=\/wp\/v2\/pages\/19","targetHints":{"allow":["GET"]}}],"collection":[{"href":"https:\/\/chtjura.ch\/index.php?rest_route=\/wp\/v2\/pages"}],"about":[{"href":"https:\/\/chtjura.ch\/index.php?rest_route=\/wp\/v2\/types\/page"}],"author":[{"embeddable":true,"href":"https:\/\/chtjura.ch\/index.php?rest_route=\/wp\/v2\/users\/1"}],"replies":[{"embeddable":true,"href":"https:\/\/chtjura.ch\/index.php?rest_route=%2Fwp%2Fv2%2Fcomments&post=19"}],"version-history":[{"count":23,"href":"https:\/\/chtjura.ch\/index.php?rest_route=\/wp\/v2\/pages\/19\/revisions"}],"predecessor-version":[{"id":396,"href":"https:\/\/chtjura.ch\/index.php?rest_route=\/wp\/v2\/pages\/19\/revisions\/396"}],"wp:attachment":[{"href":"https:\/\/chtjura.ch\/index.php?rest_route=%2Fwp%2Fv2%2Fmedia&parent=19"}],"curies":[{"name":"wp","href":"https:\/\/api.w.org\/{rel}","templated":true}]}}